{"id":24,"date":"2020-06-24T08:09:49","date_gmt":"2020-06-24T08:09:49","guid":{"rendered":"http:\/\/daniel-unterwegs.de\/?page_id=24"},"modified":"2024-01-14T10:57:55","modified_gmt":"2024-01-14T10:57:55","slug":"technik","status":"publish","type":"page","link":"https:\/\/daniel-unterwegs.de\/?page_id=24","title":{"rendered":"Technik"},"content":{"rendered":"\t\t<div data-elementor-type=\"wp-page\" data-elementor-id=\"24\" class=\"elementor elementor-24\">\n\t\t\t\t\t\t<section class=\"elementor-section elementor-top-section elementor-element elementor-element-45fb5b1 elementor-section-boxed elementor-section-height-default elementor-section-height-default\" data-id=\"45fb5b1\" data-element_type=\"section\" data-e-type=\"section\">\n\t\t\t\t\t\t<div class=\"elementor-container elementor-column-gap-default\">\n\t\t\t\t\t<div class=\"elementor-column elementor-col-100 elementor-top-column elementor-element elementor-element-84af981\" data-id=\"84af981\" data-element_type=\"column\" data-e-type=\"column\">\n\t\t\t<div class=\"elementor-widget-wrap elementor-element-populated\">\n\t\t\t\t\t\t<div class=\"elementor-element elementor-element-4993468 elementor-widget elementor-widget-text-editor\" data-id=\"4993468\" data-element_type=\"widget\" data-e-type=\"widget\" data-widget_type=\"text-editor.default\">\n\t\t\t\t<div class=\"elementor-widget-container\">\n\t\t\t\t\t\t\t\t\t<p>Die Kamera meiner Wahl ist die&nbsp;<a href=\"https:\/\/amzn.to\/303MO21\" target=\"_blank\" rel=\"noopener\">EOS 80D<\/a>*. Sie leistet mir stehts treue Dienste. Dabei greife ich gerne auf die<a href=\"https:\/\/amzn.to\/3iVSKCX\" target=\"_blank\" rel=\"noopener\"> EOS 2000D<\/a>*&nbsp;als Backup zur\u00fcck. &nbsp;<\/p>\n<p><\/p>\n<p>Die Kombination sorgt daf\u00fcr, dass ich die&nbsp;<a href=\"https:\/\/amzn.to\/3iVSKCX\" target=\"_blank\" rel=\"noopener\">EOS 2000D*&nbsp;<\/a>nutzen kann, um sie auf einem Staitv so zu positionieren, dass ich das Bild so schie\u00dfen kann, wie ich es mir vorstelle.&nbsp;<\/p>\n<p><\/p>\n<p>Die&nbsp;<a href=\"https:\/\/amzn.to\/303MO21\" target=\"_blank\" rel=\"noopener\">EOS&nbsp; 80D*&nbsp;<\/a>nutze ich in Verbindung mit dem Batteriegriff sehr gerne f\u00fcr Fotos aus der Hand. Sie besticht immer noch durch einen erstklassigen Autofokus und durch den&nbsp;<a href=\"https:\/\/amzn.to\/303uVAv\" target=\"_blank\" rel=\"noopener\">Batteriegriff*&nbsp;<\/a>habe ich auch nach \u00fcber tauend Bildern noch genug Power, um die n\u00e4chsten tausend Bilder aufzunehmen.<\/p>\n<p><\/p>\n<p>Dar\u00fcber hinaus sind die Objektive relativ G\u00fcnstig, durch die Neuen Spiegellosen Systeme, wird der Preis f\u00fcr gebrauchte Spiegelreflex gebundene Objektive in den Kommenden Monaten mit Sicherheit noch sinken.<\/p>\n<p><\/p>\n<p>F\u00fcr spezielle Aufnahmen, gerade f\u00fcr aufwendige Projekte und im videographischen Bereich, greife ich auch gerne auf die M\u00f6glichkeit zur\u00fcck, mir Kameras und Camcorder leihen zu k\u00f6nnen.&nbsp;<\/p>\n<p>Ansonsten nutze ich die Technik wie unten aufgef\u00fchrt.&nbsp;<\/p>\n<p><\/p>\t\t\t\t\t\t\t\t<\/div>\n\t\t\t\t<\/div>\n\t\t\t\t\t<\/div>\n\t\t<\/div>\n\t\t\t\t\t<\/div>\n\t\t<\/section>\n\t\t\t\t<section class=\"elementor-section elementor-top-section elementor-element elementor-element-20ba48a elementor-section-boxed elementor-section-height-default elementor-section-height-default\" data-id=\"20ba48a\" data-element_type=\"section\" data-e-type=\"section\">\n\t\t\t\t\t\t<div class=\"elementor-container elementor-column-gap-default\">\n\t\t\t\t\t<div class=\"elementor-column elementor-col-100 elementor-top-column elementor-element elementor-element-e40b569\" data-id=\"e40b569\" data-element_type=\"column\" data-e-type=\"column\">\n\t\t\t<div class=\"elementor-widget-wrap elementor-element-populated\">\n\t\t\t\t\t\t<div class=\"elementor-element elementor-element-b7f0e1c elementor-widget elementor-widget-image\" data-id=\"b7f0e1c\" data-element_type=\"widget\" data-e-type=\"widget\" data-widget_type=\"image.default\">\n\t\t\t\t<div class=\"elementor-widget-container\">\n\t\t\t\t\t\t\t\t\t\t\t\t\t\t\t\t<a href=\"https:\/\/amzn.to\/3fUmxJS\">\n\t\t\t\t\t\t\t<img fetchpriority=\"high\" decoding=\"async\" width=\"1024\" height=\"212\" src=\"https:\/\/daniel-unterwegs.de\/wp-content\/uploads\/2020\/06\/27de05092797e3a5e399b53c5aee2341.w1778.h368._CR001778368_SX1778_-1024x212.jpg\" class=\"attachment-large size-large wp-image-108\" alt=\"\" srcset=\"https:\/\/daniel-unterwegs.de\/wp-content\/uploads\/2020\/06\/27de05092797e3a5e399b53c5aee2341.w1778.h368._CR001778368_SX1778_-1024x212.jpg 1024w, https:\/\/daniel-unterwegs.de\/wp-content\/uploads\/2020\/06\/27de05092797e3a5e399b53c5aee2341.w1778.h368._CR001778368_SX1778_-300x62.jpg 300w, https:\/\/daniel-unterwegs.de\/wp-content\/uploads\/2020\/06\/27de05092797e3a5e399b53c5aee2341.w1778.h368._CR001778368_SX1778_-768x159.jpg 768w, https:\/\/daniel-unterwegs.de\/wp-content\/uploads\/2020\/06\/27de05092797e3a5e399b53c5aee2341.w1778.h368._CR001778368_SX1778_-1536x318.jpg 1536w, https:\/\/daniel-unterwegs.de\/wp-content\/uploads\/2020\/06\/27de05092797e3a5e399b53c5aee2341.w1778.h368._CR001778368_SX1778_-600x124.jpg 600w, https:\/\/daniel-unterwegs.de\/wp-content\/uploads\/2020\/06\/27de05092797e3a5e399b53c5aee2341.w1778.h368._CR001778368_SX1778_.jpg 1778w\" sizes=\"(max-width: 1024px) 100vw, 1024px\" \/>\t\t\t\t\t\t\t\t<\/a>\n\t\t\t\t\t\t\t\t\t\t\t\t\t\t\t<\/div>\n\t\t\t\t<\/div>\n\t\t\t\t\t<\/div>\n\t\t<\/div>\n\t\t\t\t\t<\/div>\n\t\t<\/section>\n\t\t\t\t<section class=\"elementor-section elementor-top-section elementor-element elementor-element-3175a91 elementor-section-boxed elementor-section-height-default elementor-section-height-default\" data-id=\"3175a91\" data-element_type=\"section\" data-e-type=\"section\">\n\t\t\t\t\t\t<div class=\"elementor-container elementor-column-gap-default\">\n\t\t\t\t\t<div class=\"elementor-column elementor-col-100 elementor-top-column elementor-element elementor-element-146f823a\" data-id=\"146f823a\" data-element_type=\"column\" data-e-type=\"column\">\n\t\t\t<div class=\"elementor-widget-wrap elementor-element-populated\">\n\t\t\t\t\t\t<div class=\"elementor-element elementor-element-7ab79a09 elementor-widget elementor-widget-text-editor\" data-id=\"7ab79a09\" data-element_type=\"widget\" data-e-type=\"widget\" data-widget_type=\"text-editor.default\">\n\t\t\t\t<div class=\"elementor-widget-container\">\n\t\t\t\t\t\t\t\t\t<p><\/p>\n<p>\u2014\u2014\u2014\u2014\u2014\u2014\u2014\u2014\u2014\u2014\u2013<\/p>\n<p><\/p>\n<p><\/p>\n<p>Equipment:<br><br>\u25ba *CANON EOS 80d:&nbsp;<a href=\"https:\/\/www.youtube.com\/redirect?redir_token=9r9H03IKn14lGtdYvJFIqXXi7Sl8MTU5MTc0MTc4NEAxNTkxNjU1Mzg0&amp;q=https%3A%2F%2Famzn.to%2F33OnMVL&amp;event=video_description&amp;v=1E7k_1vfJVM\">https:\/\/amzn.to\/33OnMVL<\/a><br>\u25ba *CANON EOS 2000d:&nbsp;<a href=\"https:\/\/www.youtube.com\/redirect?redir_token=9r9H03IKn14lGtdYvJFIqXXi7Sl8MTU5MTc0MTc4NEAxNTkxNjU1Mzg0&amp;q=https%3A%2F%2Famzn.to%2F2ZoBCKZ&amp;event=video_description&amp;v=1E7k_1vfJVM\">https:\/\/amzn.to\/2ZoBCKZ<\/a><br>\u25ba *Go Pro:&nbsp;<a href=\"https:\/\/www.youtube.com\/redirect?redir_token=9r9H03IKn14lGtdYvJFIqXXi7Sl8MTU5MTc0MTc4NEAxNTkxNjU1Mzg0&amp;q=https%3A%2F%2Famzn.to%2F2AoNJ46&amp;event=video_description&amp;v=1E7k_1vfJVM\">https:\/\/amzn.to\/2AoNJ46<\/a><br>\u25ba *MacBook Pro:&nbsp;<a href=\"https:\/\/www.youtube.com\/redirect?redir_token=9r9H03IKn14lGtdYvJFIqXXi7Sl8MTU5MTc0MTc4NEAxNTkxNjU1Mzg0&amp;q=https%3A%2F%2Famzn.to%2F2MjuATO&amp;event=video_description&amp;v=1E7k_1vfJVM\">https:\/\/amzn.to\/2MjuATO<\/a><br>\u25ba *G\u00fcnstige Stativ:&nbsp;<a href=\"https:\/\/www.youtube.com\/redirect?redir_token=9r9H03IKn14lGtdYvJFIqXXi7Sl8MTU5MTc0MTc4NEAxNTkxNjU1Mzg0&amp;q=https%3A%2F%2Famzn.to%2F2KQoDxW&amp;event=video_description&amp;v=1E7k_1vfJVM\">https:\/\/amzn.to\/2KQoDxW<\/a><br>\u25ba *Schwere Stativ:&nbsp;<a href=\"https:\/\/www.youtube.com\/redirect?redir_token=9r9H03IKn14lGtdYvJFIqXXi7Sl8MTU5MTc0MTc4NEAxNTkxNjU1Mzg0&amp;q=https%3A%2F%2Famzn.to%2F2MxCrPE&amp;event=video_description&amp;v=1E7k_1vfJVM\">https:\/\/amzn.to\/2MxCrPE<\/a><br>\u25ba *Kalibrierter Monitor:&nbsp;<a href=\"https:\/\/www.youtube.com\/redirect?redir_token=9r9H03IKn14lGtdYvJFIqXXi7Sl8MTU5MTc0MTc4NEAxNTkxNjU1Mzg0&amp;q=https%3A%2F%2Famzn.to%2F2Zh5poZ&amp;event=video_description&amp;v=1E7k_1vfJVM\">https:\/\/amzn.to\/2Zh5poZ<\/a><br>\u25ba *Stabilisator:&nbsp;<a href=\"https:\/\/www.youtube.com\/redirect?redir_token=9r9H03IKn14lGtdYvJFIqXXi7Sl8MTU5MTc0MTc4NEAxNTkxNjU1Mzg0&amp;q=https%3A%2F%2Famzn.to%2F33Rz0J4&amp;event=video_description&amp;v=1E7k_1vfJVM\">https:\/\/amzn.to\/33Rz0J4<\/a><br>\u25ba *Mikrofon:&nbsp;<a href=\"https:\/\/www.youtube.com\/redirect?redir_token=9r9H03IKn14lGtdYvJFIqXXi7Sl8MTU5MTc0MTc4NEAxNTkxNjU1Mzg0&amp;q=https%3A%2F%2Famzn.to%2F2Mf4DVD&amp;event=video_description&amp;v=1E7k_1vfJVM\">https:\/\/amzn.to\/2Mf4DVD<\/a><br><br>\u2014<br>Die mit * gekennzeichneten Links sind sogenannte Affiliate-Links, die mit dem Partnerprogramm von Amazon verkn\u00fcpft sind. Kommt \u00fcber einen solchen Link ein Einkauf zustande, werde ich mit einer Provision beteiligt. F\u00fcr Dich entstehen keinerlei zus\u00e4tzliche Kosten!<\/p>\n<p><\/p>\t\t\t\t\t\t\t\t<\/div>\n\t\t\t\t<\/div>\n\t\t\t\t\t<\/div>\n\t\t<\/div>\n\t\t\t\t\t<\/div>\n\t\t<\/section>\n\t\t\t\t<\/div>\n\t\t","protected":false},"excerpt":{"rendered":"<p>Die Kamera meiner Wahl ist die&nbsp;EOS 80D*. Sie leistet mir stehts treue Dienste. Dabei greife ich gerne auf die EOS 2000D*&nbsp;als Backup zur\u00fcck. &nbsp; Die Kombination sorgt daf\u00fcr, dass ich die&nbsp;EOS 2000D*&nbsp;nutzen kann, um sie auf einem Staitv so zu positionieren, dass ich das Bild so schie\u00dfen kann, wie ich es mir vorstelle.&nbsp; Die&nbsp;EOS&nbsp; 80D*&nbsp;nutze&hellip; <br \/> <a class=\"read-more\" href=\"https:\/\/daniel-unterwegs.de\/?page_id=24\">Weiterlesen<\/a><\/p>\n","protected":false},"author":1,"featured_media":0,"parent":0,"menu_order":0,"comment_status":"closed","ping_status":"closed","template":"pro\/page-templates\/full-width-page.php","meta":{"om_disable_all_campaigns":false,"_monsterinsights_skip_tracking":false,"_monsterinsights_sitenote_active":false,"_monsterinsights_sitenote_note":"","_monsterinsights_sitenote_category":0,"_uf_show_specific_survey":0,"_uf_disable_surveys":false,"footnotes":""},"class_list":["post-24","page","type-page","status-publish","hentry"],"aioseo_notices":[],"_links":{"self":[{"href":"https:\/\/daniel-unterwegs.de\/index.php?rest_route=\/wp\/v2\/pages\/24","targetHints":{"allow":["GET"]}}],"collection":[{"href":"https:\/\/daniel-unterwegs.de\/index.php?rest_route=\/wp\/v2\/pages"}],"about":[{"href":"https:\/\/daniel-unterwegs.de\/index.php?rest_route=\/wp\/v2\/types\/page"}],"author":[{"embeddable":true,"href":"https:\/\/daniel-unterwegs.de\/index.php?rest_route=\/wp\/v2\/users\/1"}],"replies":[{"embeddable":true,"href":"https:\/\/daniel-unterwegs.de\/index.php?rest_route=%2Fwp%2Fv2%2Fcomments&post=24"}],"version-history":[{"count":18,"href":"https:\/\/daniel-unterwegs.de\/index.php?rest_route=\/wp\/v2\/pages\/24\/revisions"}],"predecessor-version":[{"id":345,"href":"https:\/\/daniel-unterwegs.de\/index.php?rest_route=\/wp\/v2\/pages\/24\/revisions\/345"}],"wp:attachment":[{"href":"https:\/\/daniel-unterwegs.de\/index.php?rest_route=%2Fwp%2Fv2%2Fmedia&parent=24"}],"curies":[{"name":"wp","href":"https:\/\/api.w.org\/{rel}","templated":true}]}}