{"id":57,"date":"2020-06-24T11:06:49","date_gmt":"2020-06-24T11:06:49","guid":{"rendered":"https:\/\/daniel-unterwegs.de\/?page_id=57"},"modified":"2024-01-14T11:02:44","modified_gmt":"2024-01-14T11:02:44","slug":"mesmerize","status":"publish","type":"page","link":"https:\/\/daniel-unterwegs.de\/","title":{"rendered":"Fotograf aus MV"},"content":{"rendered":"<div  id=\"kreativitaet\" style=\"background-color: #f5fafd;\" data-label=\"Kreativit\u00e4t\" data-id=\"about-images-right-section-mc\" data-export-id=\"about-images-right-section-mc\" data-bullets-visibility=\"true\" data-category=\"about\" class=\"about-images-right-section-mc content-section content-section-spacing\"><div  class=\"gridContainer\"> <div  class=\"row middle-sm text-center\"><div  class=\"col-sm-5 content-left-sm\" data-type=\"column\"> <h5  class=\"\">Die Vielf\u00e4ltigkeit der Fotografie<\/h5> <h2  class=\"\">Kreativit\u00e4t kennt keine Grenzen oder Regeln!<\/h2> <p  class=\"\">Die Fotografie ist ein wunderbares Instrument, seine Kreativit\u00e4t auszuleben. Fast wie ein Musikinstrument. Man kann mit der Kamera Stimmungen festhalten, die R\u00fcckschl\u00fcsse auf den Fotografen selbst zulassen. \u00c4hnlich einem Autor, der ein Gedicht schreibt oder einem Maler, der seine Zeichnung mit Farbe versieht.<br >\r\nSo ist die Fotografie das \u201eMalen mit Licht und Schatten.\u201c (Katja Kuhl)&nbsp;<\/p> <\/div> <div  class=\"col-sm-7 space-bottom-xs\"><div  class=\"image-group-side-3-img\"> <img  decoding=\"async\" class=\"topimg shadow-large\" src=\"https:\/\/daniel-unterwegs.de\/wp-content\/uploads\/2020\/06\/cropped-IMG_9712-scaled-1.jpg\" alt=\"\" title=\"cropped-IMG_9712-scaled-1.jpg\"> <img  decoding=\"async\" class=\"rightimg shadow-large\" src=\"https:\/\/daniel-unterwegs.de\/wp-content\/uploads\/2020\/06\/cropped-MG_0272-scaled-1.jpg\" alt=\"\" title=\"cropped-MG_0272-scaled-1.jpg\"> <div  class=\"leftimg\"> <img  decoding=\"async\" class=\"shadow-large\" src=\"https:\/\/daniel-unterwegs.de\/wp-content\/uploads\/2020\/06\/cropped-IMG_1612-scaled-1.jpg\" alt=\"\" title=\"cropped-IMG_1612-scaled-1.jpg\"><\/div> <\/div><\/div> <\/div><\/div> <\/div><div  id=\"pictrs\" style=\"background-color: #f5fafd;\" data-label=\"PICTRS\" data-id=\"content-7-mc\" data-export-id=\"content-7-mc\" data-category=\"content\" class=\"content-7-mc content-section content-section-spacing\"><div  class=\"gridContainer\"> <div  class=\"row middle-sm\"><div  class=\"col-sm-6 space-bottom-xs\" data-type=\"column\"> <h2  class=\"\">Fineart next Level<\/h2> <p  class=\"\">Lange habe ich nach einem Passenden Partner gesucht, der meine Anforderungen an Qualit\u00e4t und Preis\/Leistung trifft. Mit Pictrs.com habe ich den richtigen Partner gefunden. Pictrs.com ist seit \u00fcber 10 Jahren erfolgreich am Markt und hat f\u00fcr mich das ausgereifteste Shopsystem, das es am Markt gibt. Und der Clou: du kannst kostenlos starten.   <\/p> <a class=\"button color1\" href=\"https:\/\/www.pictrs.com?partner=118858\" target=\"_blank\" data-cp-link=\"1\" rel=\"noopener noreferrer\">Pictrs.com<\/a><\/div> <div  class=\"col-sm-6\" data-type=\"column\"> <a data-cp-link=\"1\" href=\"https:\/\/landschaftsbilder-mv.de\" class=\"\" target=\"_blank\" rel=\"noopener noreferrer\"><img  decoding=\"async\" class=\"shadow-large\" src=\"https:\/\/daniel-unterwegs.de\/wp-content\/uploads\/2020\/06\/cropped-Landschaftsbilder-MV-Logo-1.jpg\" alt=\"\" title=\"cropped-Landschaftsbilder-MV-Logo-1.jpg\"><\/a><\/div> <\/div><\/div> <\/div><div  data-label=\"Canon\" data-id=\"content--1\" data-export-id=\"content-12\" data-category=\"content\" class=\"content-12 content-section content-section-spacing\" id=\"canon\" style=\"background-color: rgb(255, 255, 255);\"><div  class=\"gridContainer\"> <div  class=\"row text-center\"><div  class=\"section-title-col\" data-type=\"column\"> <h2  class=\"\">Der Partner meines Vertrauens<\/h2> <p  class=\"lead\">Ich nutze f\u00fcr meine Fotos ausschlie\u00dflich CANON EOS Kameras und das auch nicht grundlos. F\u00fcr mich ist die Handhabung und das Gef\u00fchl der Kamera in meiner Hand elementar. Das hat bisher kein anderer Hersteller so geschafft.<\/p><\/div> <\/div> <div  class=\"row center-xs middle-xs\"> <div  class=\"col-sm-9\" data-type=\"column\"> <a data-cp-link=\"1\" href=\"https:\/\/amzn.to\/2BxiHHQ\" class=\"\" target=\"_blank\" rel=\"noopener noreferrer\"><img  decoding=\"async\" class=\"shadow-large\" src=\"https:\/\/daniel-unterwegs.de\/wp-content\/uploads\/2020\/06\/cropped-27de05092797e3a5e399b53c5aee2341.w1778.h368._CR001778368_SX1778_.jpg\" alt=\"\" title=\"cropped-27de05092797e3a5e399b53c5aee2341.w1778.h368._CR001778368_SX1778_.jpg\"><\/a><p  class=\"lead\"><sub >*Affiliate Link<\/sub><span  id=\"_mce_caret\" data-mce-bogus=\"1\" data-mce-type=\"format-caret\"><sub >\ufeff<\/sub><\/span><\/p><\/div> <\/div><\/div> <\/div><div  data-label=\"Contact\" data-id=\"contact--1\" data-export-id=\"contact-1-mc\" data-category=\"contact\" class=\"contact-1-mc content-section content-section-spacing white-text\" data-parallax-depth=\"20\" id=\"contact-1\" style=\"background-color: rgb(245, 250, 253);\"><div  class=\"gridContainer\"> <div  class=\"row text-center\"><div  class=\"section-title-col\" data-type=\"column\">  <h2  class=\"\">Kontakt<\/h2> <p  class=\"lead\">F\u00fcr Anfragen nutz gern das Kontaktformular:&nbsp;<\/p><\/div> <\/div> <div  class=\"row text-center\"> <div  class=\"col-xs-12 col-sm-8 col-sm-offset-2 contact-form-wrapper inline-info\"> <div  class=\"card large-padding\"> <div  class=\"\" data-content-shortcode=\"mesmerize_contact_form shortcode=&quot;wpforms id=&amp;amp;quot;306&amp;amp;quot;&quot;\" data-editable=\"true\"><style id=\"wpforms-css-vars-306\">\n\t\t\t\t#wpforms-306 {\n\t\t\t\t\n\t\t\t}\n\t\t\t<\/style><div class=\"wpforms-container wpforms-container-full wpforms-render-modern\" id=\"wpforms-306\"><form id=\"wpforms-form-306\" class=\"wpforms-validate wpforms-form wpforms-ajax-form\" data-formid=\"306\" method=\"post\" enctype=\"multipart\/form-data\" action=\"\/index.php?rest_route=%2Fwp%2Fv2%2Fpages%2F57\" data-token=\"efce4598a143c83ab54313077ab84a04\" data-token-time=\"1775276097\"><noscript class=\"wpforms-error-noscript\">Bitte aktiviere JavaScript in deinem Browser, um dieses Formular fertigzustellen.<\/noscript><div id=\"wpforms-error-noscript\" style=\"display: none;\">Bitte aktiviere JavaScript in deinem Browser, um dieses Formular fertigzustellen.<\/div><div class=\"wpforms-field-container\"><div id=\"wpforms-306-field_0-container\" class=\"wpforms-field wpforms-field-name\" data-field-id=\"0\"><fieldset><legend class=\"wpforms-field-label\">Name <span class=\"wpforms-required-label\" aria-hidden=\"true\">*<\/span><\/legend><div class=\"wpforms-field-row wpforms-field-medium\"><div class=\"wpforms-field-row-block wpforms-first wpforms-one-half\"><input type=\"text\" id=\"wpforms-306-field_0\" class=\"wpforms-field-name-first wpforms-field-required\" name=\"wpforms[fields][0][first]\" aria-errormessage=\"wpforms-306-field_0-error\" required><label for=\"wpforms-306-field_0\" class=\"wpforms-field-sublabel after\">Vorname<\/label><\/div><div class=\"wpforms-field-row-block wpforms-one-half\"><input type=\"text\" id=\"wpforms-306-field_0-last\" class=\"wpforms-field-name-last wpforms-field-required\" name=\"wpforms[fields][0][last]\" aria-errormessage=\"wpforms-306-field_0-last-error\" required><label for=\"wpforms-306-field_0-last\" class=\"wpforms-field-sublabel after\">Nachname<\/label><\/div><\/div><\/fieldset><\/div><div id=\"wpforms-306-field_1-container\" class=\"wpforms-field wpforms-field-email\" data-field-id=\"1\"><label class=\"wpforms-field-label\" for=\"wpforms-306-field_1\">Email <span class=\"wpforms-required-label\" aria-hidden=\"true\">*<\/span><\/label><input type=\"email\" id=\"wpforms-306-field_1\" class=\"wpforms-field-medium wpforms-field-required\" name=\"wpforms[fields][1]\" spellcheck=\"false\" aria-errormessage=\"wpforms-306-field_1-error\" required><\/div><div id=\"wpforms-306-field_2-container\" class=\"wpforms-field wpforms-field-textarea\" data-field-id=\"2\"><label class=\"wpforms-field-label\" for=\"wpforms-306-field_2\">Comment or Message<\/label><textarea id=\"wpforms-306-field_2\" class=\"wpforms-field-medium\" name=\"wpforms[fields][2]\" aria-errormessage=\"wpforms-306-field_2-error\" ><\/textarea><\/div><\/div><!-- .wpforms-field-container --><div class=\"wpforms-recaptcha-container wpforms-is-recaptcha wpforms-is-recaptcha-type-v3\" ><input type=\"hidden\" name=\"wpforms[recaptcha]\" value=\"\"><\/div><div class=\"wpforms-submit-container\" ><input type=\"hidden\" name=\"wpforms[id]\" value=\"306\"><input type=\"hidden\" name=\"page_title\" value=\"\"><input type=\"hidden\" name=\"page_url\" value=\"https:\/\/daniel-unterwegs.de\/index.php?rest_route=\/wp\/v2\/pages\/57\"><input type=\"hidden\" name=\"url_referer\" value=\"\"><button type=\"submit\" name=\"wpforms[submit]\" id=\"wpforms-submit-306\" class=\"wpforms-submit\" data-alt-text=\"Senden...\" data-submit-text=\"Senden\" aria-live=\"assertive\" value=\"wpforms-submit\">Senden<\/button><img decoding=\"async\" src=\"https:\/\/daniel-unterwegs.de\/wp-content\/plugins\/wpforms-lite\/assets\/images\/submit-spin.svg\" class=\"wpforms-submit-spinner\" style=\"display: none;\" width=\"26\" height=\"26\" alt=\"Wird geladen\"><\/div><\/form><\/div>  <!-- .wpforms-container --><\/div><\/div> <\/div><\/div> <\/div><\/div>","protected":false},"excerpt":{"rendered":"<p>Die Vielf\u00e4ltigkeit der Fotografie Kreativit\u00e4t kennt keine Grenzen oder Regeln! Die Fotografie ist ein wunderbares Instrument, seine Kreativit\u00e4t auszuleben. Fast wie ein Musikinstrument. Man kann mit der Kamera Stimmungen festhalten, die R\u00fcckschl\u00fcsse auf den Fotografen selbst zulassen. \u00c4hnlich einem Autor, der ein Gedicht schreibt oder einem Maler, der seine Zeichnung mit Farbe versieht. So ist&hellip; <br \/> <a class=\"read-more\" href=\"https:\/\/daniel-unterwegs.de\/\">Weiterlesen<\/a><\/p>\n","protected":false},"author":1,"featured_media":0,"parent":0,"menu_order":0,"comment_status":"closed","ping_status":"closed","template":"page-templates\/homepage.php","meta":{"om_disable_all_campaigns":false,"_monsterinsights_skip_tracking":false,"_monsterinsights_sitenote_active":false,"_monsterinsights_sitenote_note":"","_monsterinsights_sitenote_category":0,"_uf_show_specific_survey":0,"_uf_disable_surveys":false,"footnotes":""},"class_list":["post-57","page","type-page","status-publish","hentry"],"aioseo_notices":[],"_links":{"self":[{"href":"https:\/\/daniel-unterwegs.de\/index.php?rest_route=\/wp\/v2\/pages\/57","targetHints":{"allow":["GET"]}}],"collection":[{"href":"https:\/\/daniel-unterwegs.de\/index.php?rest_route=\/wp\/v2\/pages"}],"about":[{"href":"https:\/\/daniel-unterwegs.de\/index.php?rest_route=\/wp\/v2\/types\/page"}],"author":[{"embeddable":true,"href":"https:\/\/daniel-unterwegs.de\/index.php?rest_route=\/wp\/v2\/users\/1"}],"replies":[{"embeddable":true,"href":"https:\/\/daniel-unterwegs.de\/index.php?rest_route=%2Fwp%2Fv2%2Fcomments&post=57"}],"version-history":[{"count":39,"href":"https:\/\/daniel-unterwegs.de\/index.php?rest_route=\/wp\/v2\/pages\/57\/revisions"}],"predecessor-version":[{"id":336,"href":"https:\/\/daniel-unterwegs.de\/index.php?rest_route=\/wp\/v2\/pages\/57\/revisions\/336"}],"wp:attachment":[{"href":"https:\/\/daniel-unterwegs.de\/index.php?rest_route=%2Fwp%2Fv2%2Fmedia&parent=57"}],"curies":[{"name":"wp","href":"https:\/\/api.w.org\/{rel}","templated":true}]}}